{"id":20,"date":"2023-08-13T08:38:30","date_gmt":"2023-08-13T08:38:30","guid":{"rendered":"http:\/\/houseofmalaika.de\/?page_id=20"},"modified":"2023-08-24T22:23:11","modified_gmt":"2023-08-24T22:23:11","slug":"uberuns","status":"publish","type":"page","link":"https:\/\/houseofmalaika.de\/","title":{"rendered":"\u00dcber uns"},"content":{"rendered":"\n<figure class=\"wp-block-image alignwide size-large\"><img loading=\"lazy\" decoding=\"async\" width=\"1024\" height=\"264\" src=\"http:\/\/houseofmalaika.de\/wp-content\/uploads\/2023\/08\/desert-1170055_1280-1024x264.jpg\" alt=\"\" class=\"wp-image-224\" srcset=\"https:\/\/houseofmalaika.de\/wp-content\/uploads\/2023\/08\/desert-1170055_1280-1024x264.jpg 1024w, https:\/\/houseofmalaika.de\/wp-content\/uploads\/2023\/08\/desert-1170055_1280-300x77.jpg 300w, https:\/\/houseofmalaika.de\/wp-content\/uploads\/2023\/08\/desert-1170055_1280-768x198.jpg 768w, https:\/\/houseofmalaika.de\/wp-content\/uploads\/2023\/08\/desert-1170055_1280.jpg 1280w\" sizes=\"(max-width: 1024px) 100vw, 1024px\" \/><\/figure>\n\n\n\n<p>Wir sind <strong>House of Malaika e.V., <\/strong>ein gemein\u00fctziger Verein mit Sitz in<strong> K\u00f6nigswinter. <\/strong>Unser Verein ist im Vereinsregister des Amtsgerichts Siegburg in das Vereinsregister eingetragen und f\u00fchrt nach der Eintragung den Zusatz e. V. Im Gesch\u00e4ftsjahr: 2021. <strong>Unser Verein dient die Gemeinn\u00fctzigkeit und Mildt\u00e4tigkeit<\/strong><\/p>\n\n\n\n<p><strong>Zwecke des Vereins<\/strong><\/p>\n\n\n\n<ul>\n<li>Die F\u00f6rderung von Bildung, Erziehung, Jugendberatung und Kultur<\/li>\n\n\n\n<li>Die F\u00f6rderung der Freizeit und des Sports<\/li>\n\n\n\n<li>Die F\u00f6rderung der Gleichberechtigung von Frauen und M\u00e4nnern<\/li>\n\n\n\n<li>Die F\u00f6rderung des Schutzes von Ehe, Kindern und Familien<\/li>\n\n\n\n<li>Der F\u00f6rderung der V\u00f6lkerverst\u00e4ndigung, des demokratischen Zusammenlebens und dem Kampf gegen Rassismus, Extremismus und Mobbing in der Gesellschaft.<\/li>\n\n\n\n<li>Die F\u00f6rderung von Integration und Inklusion in der Gesellschaft<\/li>\n\n\n\n<li>Die F\u00f6rderung der Entwicklungszusammenarbeit und Hilfe<\/li>\n\n\n\n<li>Die F\u00f6rderung der Wohlfahrt von hilfsbed\u00fcrftigen Menschen, Kindern, Jugendlichen, Frauen und Familien<\/li>\n\n\n\n<li>Die Durchf\u00fchrung von Erholungs-, Bildungs- und Freizeitaktivit\u00e4ten und Reisen<\/li>\n<\/ul>\n\n\n\n<ul>\n<li>Die Versorgung und Unterhaltung von Kindern, Jugendlichen, Frauen und Familie<\/li>\n\n\n\n<li>Die Veranstaltung von Events f\u00fcr die Akquise von Spende f\u00fcr die Zuwendung in&nbsp; Vereinsprojekte<\/li>\n\n\n\n<li>Bereitstellung und Organisation von Plattformen zur Beratung, von Vortr\u00e4gen, zum Informationsaustausch und Foren zur Diskussion.<\/li>\n<\/ul>\n\n\n\n<div class=\"wp-block-columns are-vertically-aligned-bottom is-layout-flex wp-container-core-columns-layout-1 wp-block-columns-is-layout-flex\">\n<div class=\"wp-block-column is-layout-flow wp-block-column-is-layout-flow\" style=\"flex-basis:50%\">\n<div class=\"wp-block-media-text alignwide is-stacked-on-mobile\"><figure class=\"wp-block-media-text__media\"><img loading=\"lazy\" decoding=\"async\" width=\"1024\" height=\"682\" src=\"http:\/\/houseofmalaika.de\/wp-content\/uploads\/2023\/08\/soccer-1591903_1280-1024x682.jpg\" alt=\"\" class=\"wp-image-239 size-full\" srcset=\"https:\/\/houseofmalaika.de\/wp-content\/uploads\/2023\/08\/soccer-1591903_1280-1024x682.jpg 1024w, https:\/\/houseofmalaika.de\/wp-content\/uploads\/2023\/08\/soccer-1591903_1280-300x200.jpg 300w, https:\/\/houseofmalaika.de\/wp-content\/uploads\/2023\/08\/soccer-1591903_1280-768x512.jpg 768w, https:\/\/houseofmalaika.de\/wp-content\/uploads\/2023\/08\/soccer-1591903_1280.jpg 1280w\" sizes=\"(max-width: 1024px) 100vw, 1024px\" \/><\/figure><div class=\"wp-block-media-text__content\">\n<p>Die F\u00f6rderung der Freizeit und des Sportsie F\u00f6rderung der Gleichberechtigung von Frauen und M\u00e4nnern<\/p>\n<\/div><\/div>\n\n\n\n<div class=\"wp-block-media-text alignwide is-stacked-on-mobile\"><figure class=\"wp-block-media-text__media\"><img loading=\"lazy\" decoding=\"async\" width=\"1024\" height=\"682\" src=\"http:\/\/houseofmalaika.de\/wp-content\/uploads\/2023\/08\/children-486968_1280-1024x682.jpg\" alt=\"\" class=\"wp-image-223 size-full\" srcset=\"https:\/\/houseofmalaika.de\/wp-content\/uploads\/2023\/08\/children-486968_1280-1024x682.jpg 1024w, https:\/\/houseofmalaika.de\/wp-content\/uploads\/2023\/08\/children-486968_1280-300x200.jpg 300w, https:\/\/houseofmalaika.de\/wp-content\/uploads\/2023\/08\/children-486968_1280-768x512.jpg 768w, https:\/\/houseofmalaika.de\/wp-content\/uploads\/2023\/08\/children-486968_1280.jpg 1280w\" sizes=\"(max-width: 1024px) 100vw, 1024px\" \/><\/figure><div class=\"wp-block-media-text__content\">\n<p>Die Durchf\u00fchrung von Erholungs-, Bildungs- und Freizeitaktivit\u00e4ten und Reisen<\/p>\n<\/div><\/div>\n\n\n\n<div class=\"wp-block-media-text alignwide is-stacked-on-mobile\"><figure class=\"wp-block-media-text__media\"><img loading=\"lazy\" decoding=\"async\" width=\"1024\" height=\"682\" src=\"http:\/\/houseofmalaika.de\/wp-content\/uploads\/2023\/08\/girls-462072_1280-1024x682.jpg\" alt=\"\" class=\"wp-image-228 size-full\" srcset=\"https:\/\/houseofmalaika.de\/wp-content\/uploads\/2023\/08\/girls-462072_1280-1024x682.jpg 1024w, https:\/\/houseofmalaika.de\/wp-content\/uploads\/2023\/08\/girls-462072_1280-300x200.jpg 300w, https:\/\/houseofmalaika.de\/wp-content\/uploads\/2023\/08\/girls-462072_1280-768x512.jpg 768w, https:\/\/houseofmalaika.de\/wp-content\/uploads\/2023\/08\/girls-462072_1280.jpg 1280w\" sizes=\"(max-width: 1024px) 100vw, 1024px\" \/><\/figure><div class=\"wp-block-media-text__content\">\n<p>Die F\u00f6rderung von Integration und Inklusion in der Gesellschaft<\/p>\n<\/div><\/div>\n\n\n\n<div class=\"wp-block-media-text alignwide is-stacked-on-mobile\"><figure class=\"wp-block-media-text__media\"><img loading=\"lazy\" decoding=\"async\" width=\"1024\" height=\"682\" src=\"http:\/\/houseofmalaika.de\/wp-content\/uploads\/2023\/08\/family-7584005_1280-1024x682.jpg\" alt=\"\" class=\"wp-image-226 size-full\" srcset=\"https:\/\/houseofmalaika.de\/wp-content\/uploads\/2023\/08\/family-7584005_1280-1024x682.jpg 1024w, https:\/\/houseofmalaika.de\/wp-content\/uploads\/2023\/08\/family-7584005_1280-300x200.jpg 300w, https:\/\/houseofmalaika.de\/wp-content\/uploads\/2023\/08\/family-7584005_1280-768x512.jpg 768w, https:\/\/houseofmalaika.de\/wp-content\/uploads\/2023\/08\/family-7584005_1280.jpg 1280w\" sizes=\"(max-width: 1024px) 100vw, 1024px\" \/><\/figure><div class=\"wp-block-media-text__content\">\n<p>Die Versorgung und Unterhaltung von Kindern, Jugendlichen, Frauen und Familie<\/p>\n<\/div><\/div>\n<\/div>\n<\/div>\n\n\n\n<div class=\"wp-block-group alignwide has-background-color has-white-color has-black-background-color has-text-color has-background has-link-color wp-elements-8d928df59bf8905d5a374d0bfe5eac29 is-layout-constrained wp-block-group-is-layout-constrained\" style=\"padding-top:var(--wp--preset--spacing--30);padding-right:var(--wp--preset--spacing--30);padding-bottom:var(--wp--preset--spacing--30);padding-left:var(--wp--preset--spacing--30)\"><div class=\"wp-block-group__inner-container\">\n<div class=\"wp-block-group alignwide is-content-justification-space-between is-layout-flex wp-container-core-group-layout-2 wp-block-group-is-layout-flex\">\n<div class=\"wp-block-group is-layout-flex wp-block-group-is-layout-flex\"><div class=\"is-default-size wp-block-site-logo\"><a href=\"https:\/\/houseofmalaika.de\/\" class=\"custom-logo-link\" rel=\"home\"><img loading=\"lazy\" decoding=\"async\" width=\"161\" height=\"50\" src=\"https:\/\/houseofmalaika.de\/wp-content\/uploads\/2023\/08\/cropped-LOGO_House-of-Malaika-e.-V-3.png\" class=\"custom-logo\" alt=\"House of Malaika e.V.\" \/><\/a><\/div>\n\n<h1 class=\"has-link-color wp-block-site-title wp-elements-f1e98d6c897e424c7d4e8232ded39f0a\"><a href=\"https:\/\/houseofmalaika.de\" target=\"_self\" rel=\"home\">House of Malaika e.V.<\/a><\/h1><\/div>\n\n\n<nav class=\"is-responsive items-justified-right wp-block-navigation is-content-justification-right is-layout-flex wp-container-core-navigation-layout-1 wp-block-navigation-is-layout-flex\" aria-label=\"Footer Menu\" \n\t\t\tdata-wp-interactive\n\t\t\tdata-wp-context='{\"core\":{\"navigation\":{\"overlayOpenedBy\":[],\"type\":\"overlay\",\"roleAttribute\":\"\",\"ariaLabel\":\"Men\\u00fc\"}}}'\n\t\t><button aria-haspopup=\"true\" aria-label=\"Men\u00fc \u00f6ffnen\" class=\"wp-block-navigation__responsive-container-open \" \n\t\t\tdata-wp-on--click=\"actions.core.navigation.openMenuOnClick\"\n\t\t\tdata-wp-on--keydown=\"actions.core.navigation.handleMenuKeydown\"\n\t\t><svg width=\"24\" height=\"24\" xmlns=\"http:\/\/www.w3.org\/2000\/svg\" viewBox=\"0 0 24 24\" aria-hidden=\"true\" focusable=\"false\"><rect x=\"4\" y=\"7.5\" width=\"16\" height=\"1.5\" \/><rect x=\"4\" y=\"15\" width=\"16\" height=\"1.5\" \/><\/svg><\/button>\n\t\t\t<div class=\"wp-block-navigation__responsive-container  \" style=\"\" id=\"modal-1\" \n\t\t\tdata-wp-class--has-modal-open=\"selectors.core.navigation.isMenuOpen\"\n\t\t\tdata-wp-class--is-menu-open=\"selectors.core.navigation.isMenuOpen\"\n\t\t\tdata-wp-effect=\"effects.core.navigation.initMenu\"\n\t\t\tdata-wp-on--keydown=\"actions.core.navigation.handleMenuKeydown\"\n\t\t\tdata-wp-on--focusout=\"actions.core.navigation.handleMenuFocusout\"\n\t\t\ttabindex=\"-1\"\n\t\t>\n\t\t\t\t<div class=\"wp-block-navigation__responsive-close\" tabindex=\"-1\">\n\t\t\t\t\t<div class=\"wp-block-navigation__responsive-dialog\" \n\t\t\tdata-wp-bind--aria-modal=\"selectors.core.navigation.ariaModal\"\n\t\t\tdata-wp-bind--aria-label=\"selectors.core.navigation.ariaLabel\"\n\t\t\tdata-wp-bind--role=\"selectors.core.navigation.roleAttribute\"\n\t\t\tdata-wp-effect=\"effects.core.navigation.focusFirstElement\"\n\t\t>\n\t\t\t\t\t\t\t<button aria-label=\"Men\u00fc schlie\u00dfen\" class=\"wp-block-navigation__responsive-container-close\" \n\t\t\tdata-wp-on--click=\"actions.core.navigation.closeMenuOnClick\"\n\t\t><svg xmlns=\"http:\/\/www.w3.org\/2000\/svg\" viewBox=\"0 0 24 24\" width=\"24\" height=\"24\" aria-hidden=\"true\" focusable=\"false\"><path d=\"M13 11.8l6.1-6.3-1-1-6.1 6.2-6.1-6.2-1 1 6.1 6.3-6.5 6.7 1 1 6.5-6.6 6.5 6.6 1-1z\"><\/path><\/svg><\/button>\n\t\t\t\t\t\t<div class=\"wp-block-navigation__responsive-container-content\" id=\"modal-1-content\">\n\t\t\t\t\t\t\t<ul class=\"wp-block-navigation__container is-responsive items-justified-right wp-block-navigation\"><li class=\" wp-block-navigation-item wp-block-navigation-link\"><a class=\"wp-block-navigation-item__content\"  href=\"http:\/\/houseofmalaika.de\/\"><span class=\"wp-block-navigation-item__label\">\u00dcber uns<\/span><\/a><\/li><li class=\" wp-block-navigation-item wp-block-navigation-link\"><a class=\"wp-block-navigation-item__content\"  href=\"http:\/\/houseofmalaika.de\/?page_id=28\"><span class=\"wp-block-navigation-item__label\">Unsere Werte<\/span><\/a><\/li><li class=\" wp-block-navigation-item wp-block-navigation-link\"><a class=\"wp-block-navigation-item__content\"  href=\"http:\/\/houseofmalaika.de\/?page_id=2\"><span class=\"wp-block-navigation-item__label\">Impressum<\/span><\/a><\/li><li class=\" wp-block-navigation-item wp-block-navigation-link\"><a class=\"wp-block-navigation-item__content\"  href=\"http:\/\/houseofmalaika.de\/?page_id=26\"><span class=\"wp-block-navigation-item__label\">Events<\/span><\/a><\/li><li class=\" wp-block-navigation-item wp-block-navigation-link\"><a class=\"wp-block-navigation-item__content\"  href=\"http:\/\/houseofmalaika.de\/?page_id=27\"><span class=\"wp-block-navigation-item__label\">Gallerie<\/span><\/a><\/li><\/ul>\n\t\t\t\t\t\t<\/div>\n\t\t\t\t\t<\/div>\n\t\t\t\t<\/div>\n\t\t\t<\/div><\/nav><\/div>\n<\/div><\/div>\n","protected":false},"excerpt":{"rendered":"<p>Wir sind House of Malaika e.V., ein gemein\u00fctziger Verein mit Sitz in K\u00f6nigswinter. Unser Verein ist im Vereinsregister des Amtsgerichts Siegburg in das Vereinsregister eingetragen und f\u00fchrt nach der Eintragung den Zusatz e. V. Im Gesch\u00e4ftsjahr: 2021. Unser Verein dient die Gemeinn\u00fctzigkeit und Mildt\u00e4tigkeit Zwecke des Vereins Die F\u00f6rderung der Freizeit und des Sportsie F\u00f6rderung [&hellip;]<\/p>\n","protected":false},"author":1,"featured_media":0,"parent":0,"menu_order":1,"comment_status":"closed","ping_status":"closed","template":"","meta":{"footnotes":""},"_links":{"self":[{"href":"https:\/\/houseofmalaika.de\/index.php?rest_route=\/wp\/v2\/pages\/20"}],"collection":[{"href":"https:\/\/houseofmalaika.de\/index.php?rest_route=\/wp\/v2\/pages"}],"about":[{"href":"https:\/\/houseofmalaika.de\/index.php?rest_route=\/wp\/v2\/types\/page"}],"author":[{"embeddable":true,"href":"https:\/\/houseofmalaika.de\/index.php?rest_route=\/wp\/v2\/users\/1"}],"replies":[{"embeddable":true,"href":"https:\/\/houseofmalaika.de\/index.php?rest_route=%2Fwp%2Fv2%2Fcomments&post=20"}],"version-history":[{"count":16,"href":"https:\/\/houseofmalaika.de\/index.php?rest_route=\/wp\/v2\/pages\/20\/revisions"}],"predecessor-version":[{"id":260,"href":"https:\/\/houseofmalaika.de\/index.php?rest_route=\/wp\/v2\/pages\/20\/revisions\/260"}],"wp:attachment":[{"href":"https:\/\/houseofmalaika.de\/index.php?rest_route=%2Fwp%2Fv2%2Fmedia&parent=20"}],"curies":[{"name":"wp","href":"https:\/\/api.w.org\/{rel}","templated":true}]}}