{"id":26,"date":"2023-08-13T07:40:05","date_gmt":"2023-08-13T07:40:05","guid":{"rendered":"http:\/\/houseofmalaika.de\/?page_id=26"},"modified":"2023-12-07T13:02:14","modified_gmt":"2023-12-07T13:02:14","slug":"events","status":"publish","type":"page","link":"https:\/\/houseofmalaika.de\/?page_id=26","title":{"rendered":"Events"},"content":{"rendered":"\n<p>Folgende Veranstaltungen finden demn\u00e4chst im House of Malaika E.v. statt:<\/p>\n\n\n\n<h2 class=\"wp-block-heading\">&#8222;Woher kommst du? &#8211; Fremd im Eigenem Land&#8220;<\/h2>\n\n\n\n<p>Aktionstag gegen Diskriminierung, f\u00fcr Vielfal und mehr Teilhabe!<\/p>\n\n\n<div class=\"wp-block-image\">\n<figure class=\"aligncenter size-large\"><img loading=\"lazy\" decoding=\"async\" width=\"1024\" height=\"724\" src=\"http:\/\/houseofmalaika.de\/wp-content\/uploads\/2023\/08\/STD_Flyer_Event_23.09.2023-V1-1024x724.png\" alt=\"\" class=\"wp-image-53\" srcset=\"https:\/\/houseofmalaika.de\/wp-content\/uploads\/2023\/08\/STD_Flyer_Event_23.09.2023-V1-1024x724.png 1024w, https:\/\/houseofmalaika.de\/wp-content\/uploads\/2023\/08\/STD_Flyer_Event_23.09.2023-V1-300x212.png 300w, https:\/\/houseofmalaika.de\/wp-content\/uploads\/2023\/08\/STD_Flyer_Event_23.09.2023-V1-768x543.png 768w, https:\/\/houseofmalaika.de\/wp-content\/uploads\/2023\/08\/STD_Flyer_Event_23.09.2023-V1-1536x1086.png 1536w, https:\/\/houseofmalaika.de\/wp-content\/uploads\/2023\/08\/STD_Flyer_Event_23.09.2023-V1.png 2000w\" sizes=\"(max-width: 1024px) 100vw, 1024px\" \/><\/figure><\/div>\n\n\n<p><\/p>\n\n\n\n<p>Ziel der Veranstaltung<\/p>\n\n\n\n<p>Das Ziel der Veranstaltung ist, mit People of Colour (PoC) \u00fcber die Vorteile des \u201eAndersseins\u201c zu erkennen und sich nicht als \u201eOpfer\u201c zu sehen sondern als \u201ewertvoll\u201c.\u00a0 Zielgruppe sind im Rhein-Sieg-Kreis lebenden PoC und Menschen die, Diskriminierung erleben oder erlebt haben und deren Angeh\u00f6rige.  Am Ende der Veranstaltung sind Kinder und Jugendliche auf sich stolz , sie f\u00fchlen sich gest\u00e4rkt, sie erkennen wie sie in der Gesellschaft zum Thema vielfalt beitragen k\u00f6nnen und feiern Ihrer Multikulturalit\u00e4t. <\/p>\n\n\n\n<h2 class=\"wp-block-heading\">Herzlichen Dank an unsere Unterst\u00fctzer und F\u00f6derer! <\/h2>\n\n\n\n<p>Die Veranstaltung &#8218;Teilhabe als aktive Ma\u00dfnahme gegen Diskriminierung wurde durch  8sam!-gegen Diskriminierung und religi\u00f6s motiviertem Extremismus der Stadt Sankt Augustin und das Bundesprogramm Demokratie leben gef\u00f6rdert. <\/p>\n\n\n\n<figure class=\"wp-block-image size-large\"><img loading=\"lazy\" decoding=\"async\" width=\"1024\" height=\"347\" src=\"http:\/\/houseofmalaika.de\/wp-content\/uploads\/2023\/12\/BMFSFJ_DL_mitFoerderzusatz-1024x347.jpg\" alt=\"\" class=\"wp-image-270\" srcset=\"https:\/\/houseofmalaika.de\/wp-content\/uploads\/2023\/12\/BMFSFJ_DL_mitFoerderzusatz-1024x347.jpg 1024w, https:\/\/houseofmalaika.de\/wp-content\/uploads\/2023\/12\/BMFSFJ_DL_mitFoerderzusatz-300x102.jpg 300w, https:\/\/houseofmalaika.de\/wp-content\/uploads\/2023\/12\/BMFSFJ_DL_mitFoerderzusatz-768x260.jpg 768w, https:\/\/houseofmalaika.de\/wp-content\/uploads\/2023\/12\/BMFSFJ_DL_mitFoerderzusatz-1536x520.jpg 1536w, https:\/\/houseofmalaika.de\/wp-content\/uploads\/2023\/12\/BMFSFJ_DL_mitFoerderzusatz.jpg 1677w\" sizes=\"(max-width: 1024px) 100vw, 1024px\" \/><\/figure>\n\n\n\n<figure class=\"wp-block-image size-large\"><img loading=\"lazy\" decoding=\"async\" width=\"1024\" height=\"724\" src=\"http:\/\/houseofmalaika.de\/wp-content\/uploads\/2023\/12\/8sam_Logo_weisse_Schrift-1024x724.jpg\" alt=\"\" class=\"wp-image-272\" srcset=\"https:\/\/houseofmalaika.de\/wp-content\/uploads\/2023\/12\/8sam_Logo_weisse_Schrift-1024x724.jpg 1024w, https:\/\/houseofmalaika.de\/wp-content\/uploads\/2023\/12\/8sam_Logo_weisse_Schrift-300x212.jpg 300w, https:\/\/houseofmalaika.de\/wp-content\/uploads\/2023\/12\/8sam_Logo_weisse_Schrift-768x543.jpg 768w, https:\/\/houseofmalaika.de\/wp-content\/uploads\/2023\/12\/8sam_Logo_weisse_Schrift-1536x1086.jpg 1536w, https:\/\/houseofmalaika.de\/wp-content\/uploads\/2023\/12\/8sam_Logo_weisse_Schrift-2048x1448.jpg 2048w\" sizes=\"(max-width: 1024px) 100vw, 1024px\" \/><\/figure>\n\n\n\n<div class=\"wp-block-media-text alignwide is-stacked-on-mobile\"><figure class=\"wp-block-media-text__media\"><img loading=\"lazy\" decoding=\"async\" width=\"1024\" height=\"724\" src=\"http:\/\/houseofmalaika.de\/wp-content\/uploads\/2023\/08\/business-1137367_1280-1024x724.jpg\" alt=\"\" class=\"wp-image-221 size-full\" srcset=\"https:\/\/houseofmalaika.de\/wp-content\/uploads\/2023\/08\/business-1137367_1280-1024x724.jpg 1024w, https:\/\/houseofmalaika.de\/wp-content\/uploads\/2023\/08\/business-1137367_1280-300x212.jpg 300w, https:\/\/houseofmalaika.de\/wp-content\/uploads\/2023\/08\/business-1137367_1280-768x543.jpg 768w, https:\/\/houseofmalaika.de\/wp-content\/uploads\/2023\/08\/business-1137367_1280.jpg 1280w\" sizes=\"(max-width: 1024px) 100vw, 1024px\" \/><\/figure><div class=\"wp-block-media-text__content\">\n<p>27.08.2023<\/p>\n\n\n\n<p>&#8222;Networking for short-term opportunities in Afrika&#8220;<\/p>\n\n\n\n<p>Mit Einladung.<\/p>\n<\/div><\/div>\n\n\n\n<p><\/p>\n\n\n\n<div class=\"wp-block-media-text alignwide is-stacked-on-mobile\"><figure class=\"wp-block-media-text__media\"><img loading=\"lazy\" decoding=\"async\" width=\"1024\" height=\"700\" src=\"http:\/\/houseofmalaika.de\/wp-content\/uploads\/2023\/08\/hand-reflection-3464965_1280-1024x700.jpg\" alt=\"\" class=\"wp-image-229 size-full\" srcset=\"https:\/\/houseofmalaika.de\/wp-content\/uploads\/2023\/08\/hand-reflection-3464965_1280-1024x700.jpg 1024w, https:\/\/houseofmalaika.de\/wp-content\/uploads\/2023\/08\/hand-reflection-3464965_1280-300x205.jpg 300w, https:\/\/houseofmalaika.de\/wp-content\/uploads\/2023\/08\/hand-reflection-3464965_1280-768x525.jpg 768w, https:\/\/houseofmalaika.de\/wp-content\/uploads\/2023\/08\/hand-reflection-3464965_1280.jpg 1280w\" sizes=\"(max-width: 1024px) 100vw, 1024px\" \/><\/figure><div class=\"wp-block-media-text__content\">\n<p>24.09.2023<\/p>\n\n\n\n<p>Interkulturelle Begegnung in K\u00f6nigswinter<\/p>\n\n\n\n<p>Geschlossene Veranstaltung<\/p>\n<\/div><\/div>\n\n\n\n<p>F\u00fcr mehr Information, erreichen Sie uns unter folgende E-Mail-Adresse:<\/p>\n\n\n\n<p>House of Malaika E.v.<\/p>\n\n\n\n<p>E-Mail: houseofmalaika(at)outlook.de<\/p>\n","protected":false},"excerpt":{"rendered":"<p>Folgende Veranstaltungen finden demn\u00e4chst im House of Malaika E.v. statt: &#8222;Woher kommst du? &#8211; Fremd im Eigenem Land&#8220; Aktionstag gegen Diskriminierung, f\u00fcr Vielfal und mehr Teilhabe! Ziel der Veranstaltung Das Ziel der Veranstaltung ist, mit People of Colour (PoC) \u00fcber die Vorteile des \u201eAndersseins\u201c zu erkennen und sich nicht als \u201eOpfer\u201c zu sehen sondern als [&hellip;]<\/p>\n","protected":false},"author":1,"featured_media":0,"parent":0,"menu_order":3,"comment_status":"closed","ping_status":"closed","template":"","meta":{"footnotes":""},"_links":{"self":[{"href":"https:\/\/houseofmalaika.de\/index.php?rest_route=\/wp\/v2\/pages\/26"}],"collection":[{"href":"https:\/\/houseofmalaika.de\/index.php?rest_route=\/wp\/v2\/pages"}],"about":[{"href":"https:\/\/houseofmalaika.de\/index.php?rest_route=\/wp\/v2\/types\/page"}],"author":[{"embeddable":true,"href":"https:\/\/houseofmalaika.de\/index.php?rest_route=\/wp\/v2\/users\/1"}],"replies":[{"embeddable":true,"href":"https:\/\/houseofmalaika.de\/index.php?rest_route=%2Fwp%2Fv2%2Fcomments&post=26"}],"version-history":[{"count":11,"href":"https:\/\/houseofmalaika.de\/index.php?rest_route=\/wp\/v2\/pages\/26\/revisions"}],"predecessor-version":[{"id":275,"href":"https:\/\/houseofmalaika.de\/index.php?rest_route=\/wp\/v2\/pages\/26\/revisions\/275"}],"wp:attachment":[{"href":"https:\/\/houseofmalaika.de\/index.php?rest_route=%2Fwp%2Fv2%2Fmedia&parent=26"}],"curies":[{"name":"wp","href":"https:\/\/api.w.org\/{rel}","templated":true}]}}