{"id":28,"date":"2023-08-13T07:40:05","date_gmt":"2023-08-13T07:40:05","guid":{"rendered":"http:\/\/houseofmalaika.de\/?page_id=28"},"modified":"2023-08-24T22:49:47","modified_gmt":"2023-08-24T22:49:47","slug":"unserewerte","status":"publish","type":"page","link":"https:\/\/houseofmalaika.de\/?page_id=28","title":{"rendered":"Unsere Werte"},"content":{"rendered":"\n<figure class=\"wp-block-image size-large\"><img loading=\"lazy\" decoding=\"async\" width=\"1024\" height=\"410\" src=\"http:\/\/houseofmalaika.de\/wp-content\/uploads\/2023\/08\/integration-3527263_1280-1-1024x410.jpg\" alt=\"\" class=\"wp-image-232\" srcset=\"https:\/\/houseofmalaika.de\/wp-content\/uploads\/2023\/08\/integration-3527263_1280-1-1024x410.jpg 1024w, https:\/\/houseofmalaika.de\/wp-content\/uploads\/2023\/08\/integration-3527263_1280-1-300x120.jpg 300w, https:\/\/houseofmalaika.de\/wp-content\/uploads\/2023\/08\/integration-3527263_1280-1-768x307.jpg 768w, https:\/\/houseofmalaika.de\/wp-content\/uploads\/2023\/08\/integration-3527263_1280-1.jpg 1280w\" sizes=\"(max-width: 1024px) 100vw, 1024px\" \/><\/figure>\n\n\n<p class=\"MsoNormal\" style=\"mso-margin-top-alt: auto; mso-margin-bottom-alt: auto; margin-left: 36.0pt;\"><span style=\"mso-fareast-font-family: 'Times New Roman';\">&#8222;Alle Menschen sind vor dem Gesetz gleich.\u00a0<\/span><span style=\"mso-fareast-font-family: 'Times New Roman';\">M\u00e4nner und Frauen sind gleichberechtigt. Der Staat f\u00f6rdert die tats\u00e4chliche Durchsetzung der Gleichberechtigung von Frauen und M\u00e4nnern und wirkt auf die Beseitigung bestehender Nachteile hin.<\/span><\/p>\n<p class=\"MsoNormal\" style=\"mso-margin-top-alt: auto; mso-margin-bottom-alt: auto; margin-left: 36.0pt;\"><span style=\"mso-fareast-font-family: 'Times New Roman';\"><!-- \/wp:list-item --><!-- wp:list-item -->Niemand darf wegen seines Geschlechtes, seiner Abstammung, seiner Rasse, seiner Sprache, seiner Heimat und Herkunft, seines Glaubens, seiner religi\u00f6sen oder politischen Anschauungen benachteiligt oder bevorzugt werden. Niemand darf wegen seiner Behinderung benachteiligt werden.&#8220; <\/span>\u00a0 \u00a0 \u00a0<\/p>\n<p style=\"text-align: center;\">\u00a0 \u00a0 \u00a0 \u00a0 \u00a0 \u00a0 \u00a0 \u00a0 \u00a0 \u00a0 \u00a0 \u00a0Art.3 GG- Grundgesetz f\u00fcr die Bundesrepublik Deutschland<\/p>\n<p><!-- \/wp:list --><!-- \/wp:list-item --><\/p>\n\n<!-- wp:group {\"align\":\"full\",\"style\":{\"color\":{\"text\":\"#000000\",\"background\":\"#ffffff\"}}} -->\n<div class=\"wp-block-group alignfull has-text-color has-background\" style=\"color:#000000;background-color:#ffffff\"><!-- wp:spacer {\"height\":\"64px\"} -->\n<div style=\"height:64px\" aria-hidden=\"true\" class=\"wp-block-spacer\"><\/div>\n<!-- \/wp:spacer -->\n\n<!-- wp:paragraph {\"align\":\"center\",\"style\":{\"typography\":{\"lineHeight\":\".9\"}},\"fontSize\":\"small\"} -->\n<p class=\"has-text-align-center has-small-font-size\" style=\"line-height:.9\">Unterst\u00fctzen Sie unseren Verein!<\/p>\n<!-- \/wp:paragraph -->\n\n<!-- wp:heading {\"textAlign\":\"center\",\"level\":1,\"style\":{\"typography\":{\"fontSize\":59,\"lineHeight\":\"1.15\"}}} -->\n<h1 class=\"wp-block-heading has-text-align-center\" id=\"schedule-a-visit\" style=\"font-size:59px;line-height:1.15\"><strong>Wir freuen uns \u00fcber Ihre Spende!<\/strong><\/h1>\n<!-- \/wp:heading -->\n\n<!-- wp:buttons {\"layout\":{\"type\":\"flex\",\"justifyContent\":\"center\",\"orientation\":\"horizontal\",\"verticalAlignment\":\"bottom\"}} -->\n<div class=\"wp-block-buttons\"><!-- wp:button {\"width\":50,\"style\":{\"color\":{\"background\":\"#000000\",\"text\":\"#ffffff\"},\"border\":{\"radius\":\"50px\"}}} -->\n<div class=\"wp-block-button has-custom-width wp-block-button__width-50\"><a class=\"wp-block-button__link has-text-color has-background wp-element-button\" href=\"http:\/\/houseofmalaika.de\/?page_id=2\" style=\"border-radius:50px;color:#ffffff;background-color:#000000\" target=\"_blank\" rel=\"noreferrer noopener\">Contact us<\/a><\/div>\n<!-- \/wp:button -->\n\n<!-- wp:button {\"width\":50,\"style\":{\"color\":{\"background\":\"#000000\",\"text\":\"#ffffff\"},\"border\":{\"radius\":\"50px\"}}} -->\n<div class=\"wp-block-button has-custom-width wp-block-button__width-50\"><a class=\"wp-block-button__link has-text-color has-background wp-element-button\" style=\"border-radius:50px;color:#ffffff;background-color:#000000\">Kontonummer: House of Malaika E.v. IBAN: DE45 3705 0299 0008 0146 16<\/a><\/div>\n<!-- \/wp:button --><\/div>\n<!-- \/wp:buttons -->\n\n<!-- wp:spacer {\"height\":\"64px\"} -->\n<div style=\"height:64px\" aria-hidden=\"true\" class=\"wp-block-spacer\"><\/div>\n<!-- \/wp:spacer --><\/div>\n<!-- \/wp:group -->","protected":false},"excerpt":{"rendered":"<p>&#8222;Alle Menschen sind vor dem Gesetz gleich.\u00a0M\u00e4nner und Frauen sind gleichberechtigt. Der Staat f\u00f6rdert die tats\u00e4chliche Durchsetzung der Gleichberechtigung von Frauen und M\u00e4nnern und wirkt auf die Beseitigung bestehender Nachteile hin. Niemand darf wegen seines Geschlechtes, seiner Abstammung, seiner Rasse, seiner Sprache, seiner Heimat und Herkunft, seines Glaubens, seiner religi\u00f6sen oder politischen Anschauungen benachteiligt oder [&hellip;]<\/p>\n","protected":false},"author":1,"featured_media":0,"parent":0,"menu_order":2,"comment_status":"closed","ping_status":"closed","template":"","meta":{"footnotes":""},"_links":{"self":[{"href":"https:\/\/houseofmalaika.de\/index.php?rest_route=\/wp\/v2\/pages\/28"}],"collection":[{"href":"https:\/\/houseofmalaika.de\/index.php?rest_route=\/wp\/v2\/pages"}],"about":[{"href":"https:\/\/houseofmalaika.de\/index.php?rest_route=\/wp\/v2\/types\/page"}],"author":[{"embeddable":true,"href":"https:\/\/houseofmalaika.de\/index.php?rest_route=\/wp\/v2\/users\/1"}],"replies":[{"embeddable":true,"href":"https:\/\/houseofmalaika.de\/index.php?rest_route=%2Fwp%2Fv2%2Fcomments&post=28"}],"version-history":[{"count":12,"href":"https:\/\/houseofmalaika.de\/index.php?rest_route=\/wp\/v2\/pages\/28\/revisions"}],"predecessor-version":[{"id":266,"href":"https:\/\/houseofmalaika.de\/index.php?rest_route=\/wp\/v2\/pages\/28\/revisions\/266"}],"wp:attachment":[{"href":"https:\/\/houseofmalaika.de\/index.php?rest_route=%2Fwp%2Fv2%2Fmedia&parent=28"}],"curies":[{"name":"wp","href":"https:\/\/api.w.org\/{rel}","templated":true}]}}